{"id":1221,"date":"2018-04-11T17:58:32","date_gmt":"2018-04-11T15:58:32","guid":{"rendered":"https:\/\/www.rryff.de\/wp-rryff-https\/?page_id=1221"},"modified":"2022-11-03T03:15:20","modified_gmt":"2022-11-03T02:15:20","slug":"impressum","status":"publish","type":"page","link":"https:\/\/www.rryff.de\/wp-rryff-https\/impressum\/","title":{"rendered":"Impressum"},"content":{"rendered":"<p>[vc_row][vc_column][vc_column_text]<\/p>\n<h2>Impressum<\/h2>\n<h3>Inhaber der Website<\/h3>\n<p>Peter Kible<br \/>\n74343 Sachsenheim<br \/>\nGermany<\/p>\n<h3>Kontakt:<\/h3>\n<p>Mobil: +49 15735475369 oder Email: kontakt[at]rryff[dot]de<\/p>\n<h6><strong><em>Quelle:<\/em><\/strong> Erstellt mit Hilfe von Impressum Generator von e-recht24.de<\/h6>\n<h3><strong>Haftungsausschluss<\/strong><\/h3>\n<p>Inhaltlich Verantwortlicher gem\u00e4\u00df \u00a755 Abs.2 RStV: Peter Kible (Anschrift siehe oben).<br \/>\nDie auf unseren Seiten verwendeten Texte, Bilder, Grafiken, Fotos, Videos und Audios sind entweder selbst erstellt, lizenzfrei oder wir haben daf\u00fcr eine g\u00fcltige Lizenz erworben.<\/p>\n<p>Die Informationen auf dieser Seite sind allgemeiner und informativer Art f\u00fcr nicht-kommerzielle Zwecke. Die Inhalte dieser Seiten werden mit gr\u00f6\u00dfter Sorgfalt erstellt. F\u00fcr Richtigkeit, Vollst\u00e4ndigkeit und Aktualit\u00e4t dieser Inhalte kann jedoch keine Haftung \u00fcbernommen werden. Schon die Tatsache, dass sich beispielsweise das Recht und Technologien weiterentwickeln f\u00fchrt dazu, dass Informationen nach einiger Zeit veraltet, unrichtig oder widerspr\u00fcchlich sein k\u00f6nnen.<\/p>\n<h3><strong>Urheberrecht\/Verwertungsrechte<\/strong><\/h3>\n<p>Die Ver\u00f6ffentlichungen auf diesen Seiten unterliegen dem deutschen Urheberrecht. Beitr\u00e4ge Dritter sind als solche gekennzeichnet. Vervielf\u00e4ltigung, Bearbeitung und jede Art der Verwertung au\u00dferhalb der Grenzen des Urheberrechtes bed\u00fcrfen der Zustimmung von Peter Kible oder des jeweiligen Verfassers. Downloads und Kopien dieser Seiten sind nur f\u00fcr den privaten, nicht kommerziellen Gebrauch gestattet.<br \/>\n<strong>Sollten Sie Inhalte unserer Seiten oder Teile davon \u00fcbernehmen wollen, setzen Sie sich bitte vorher mit uns in Verbindung.<\/strong><\/p>\n<p><strong>Das Setzen von Links auf die Seiten von RRYFF bzw. &#8218;www.rryff.de&#8216; ist zul\u00e4ssig.<\/strong><\/p>\n<h3><strong>Haftung f\u00fcr Links<\/strong><\/h3>\n<p>Aufgef\u00fchrte externe Links f\u00fchren zu Inhalten fremder Anbieter. F\u00fcr diese Inhalte ist allein der jeweilige Anbieter verantwortlich. Bei Bekanntwerden von Rechtsverletzungen werden diese Links umgehend \u00fcberpr\u00fcft und ggf. entfernt.[\/vc_column_text][\/vc_column][\/vc_row]<\/p>\n","protected":false},"excerpt":{"rendered":"<p>[vc_row][vc_column][vc_column_text] Impressum Inhaber der Website Peter Kible 74343 Sachsenheim Germany Kontakt: Mobil: +49 15735475369 oder Email: kontakt[at]rryff[dot]de Quelle: Erstellt mit Hilfe von Impressum Generator von e-recht24.de Haftungsausschluss Inhaltlich Verantwortlicher gem\u00e4\u00df \u00a755 Abs.2 RStV: Peter Kible (Anschrift siehe oben). Die auf unseren Seiten verwendeten Texte, Bilder, Grafiken, Fotos, Videos und Audios sind entweder selbst erstellt, lizenzfrei oder wir haben daf\u00fcr eine<\/p>\n","protected":false},"author":1,"featured_media":0,"parent":0,"menu_order":0,"comment_status":"closed","ping_status":"closed","template":"","meta":{"_monsterinsights_skip_tracking":false,"_monsterinsights_sitenote_active":false,"_monsterinsights_sitenote_note":"","_monsterinsights_sitenote_category":0,"footnotes":""},"class_list":["post-1221","page","type-page","status-publish","hentry","no-featured"],"aioseo_notices":[],"_links":{"self":[{"href":"https:\/\/www.rryff.de\/wp-rryff-https\/wp-json\/wp\/v2\/pages\/1221","targetHints":{"allow":["GET"]}}],"collection":[{"href":"https:\/\/www.rryff.de\/wp-rryff-https\/wp-json\/wp\/v2\/pages"}],"about":[{"href":"https:\/\/www.rryff.de\/wp-rryff-https\/wp-json\/wp\/v2\/types\/page"}],"author":[{"embeddable":true,"href":"https:\/\/www.rryff.de\/wp-rryff-https\/wp-json\/wp\/v2\/users\/1"}],"replies":[{"embeddable":true,"href":"https:\/\/www.rryff.de\/wp-rryff-https\/wp-json\/wp\/v2\/comments?post=1221"}],"version-history":[{"count":13,"href":"https:\/\/www.rryff.de\/wp-rryff-https\/wp-json\/wp\/v2\/pages\/1221\/revisions"}],"predecessor-version":[{"id":3607,"href":"https:\/\/www.rryff.de\/wp-rryff-https\/wp-json\/wp\/v2\/pages\/1221\/revisions\/3607"}],"wp:attachment":[{"href":"https:\/\/www.rryff.de\/wp-rryff-https\/wp-json\/wp\/v2\/media?parent=1221"}],"curies":[{"name":"wp","href":"https:\/\/api.w.org\/{rel}","templated":true}]}}