{"id":1575,"date":"2018-09-19T02:59:30","date_gmt":"2018-09-19T00:59:30","guid":{"rendered":"https:\/\/www.rryff.de\/wp-rryff-https\/?page_id=1575"},"modified":"2025-11-30T01:59:56","modified_gmt":"2025-11-30T00:59:56","slug":"press","status":"publish","type":"page","link":"https:\/\/www.rryff.de\/wp-rryff-https\/press\/","title":{"rendered":"Press"},"content":{"rendered":"<p>[vc_row][vc_column][vc_column_text]<\/p>\n<h1 style=\"text-align: center;\">PRESS <span style=\"color: #ff0000;\">NEWS 2021<\/span><\/h1>\n<p>[\/vc_column_text][vc_message message_box_style=&#8220;solid&#8220; style=&#8220;square&#8220; message_box_color=&#8220;black&#8220; icon_type=&#8220;pixelicons&#8220; icon_pixelicons=&#8220;vc_pixel_icon vc_pixel_icon-tick&#8220; css=&#8220;.vc_custom_1764464042435{background-color: #000000 !important;}&#8220;]<\/p>\n<h2><span style=\"color: #ff0000;\">N\u00fcrtinger Zeitung | Oktober 2021<\/span><\/h2>\n<p><b><a href=\"https:\/\/www.ntz.de\/nachrichten\/kultur\/artikel\/rryff-mit-hardrock-im-kuckucksei\/\">RRYFF &#8211; Hardrock\u00a0 | Kuckucksei in N\u00fcrtingen<\/a><br \/>\n<\/b><\/p>\n<h3><span style=\"color: #ff0000;\"><img loading=\"lazy\" decoding=\"async\" class=\"size-medium wp-image-3474 alignleft\" src=\"https:\/\/www.rryff.de\/wp-rryff-https\/wp-content\/uploads\/2022\/08\/RRYFF-Hardrock_ClubKuckucksei-Nuertingen-NuertingerZeitung-300x180.png\" alt=\"\" width=\"300\" height=\"180\" srcset=\"https:\/\/www.rryff.de\/wp-rryff-https\/wp-content\/uploads\/2022\/08\/RRYFF-Hardrock_ClubKuckucksei-Nuertingen-NuertingerZeitung-300x180.png 300w, https:\/\/www.rryff.de\/wp-rryff-https\/wp-content\/uploads\/2022\/08\/RRYFF-Hardrock_ClubKuckucksei-Nuertingen-NuertingerZeitung-768x460.png 768w, https:\/\/www.rryff.de\/wp-rryff-https\/wp-content\/uploads\/2022\/08\/RRYFF-Hardrock_ClubKuckucksei-Nuertingen-NuertingerZeitung.png 877w\" sizes=\"auto, (max-width: 300px) 100vw, 300px\" \/>Hardrock von RRYFF im Club | Sa 16. Oktober 2021 | <\/span><span style=\"color: #ff0000;\">Kuckucksei (N\u00fcrtingen)<\/span><\/h3>\n<h3><span style=\"color: #999999;\">Veranstaltungstipp<\/span><\/h3>\n<p><span style=\"text-align: left; color: #999999; text-transform: none; text-indent: 0px; letter-spacing: normal; font-family: Georgia,'Times New Roman','Bitstream Charter',Times,serif; font-size: 16px; font-style: normal; font-variant: normal; font-weight: 400; text-decoration: none; word-spacing: 0px; display: inline !important; white-space: normal; cursor: text; orphans: 2; float: none; -webkit-text-stroke-width: 0px; background-color: transparent;\">RRYFF holt das Konzert nach im Club Kuckucksei in N\u00fcrtingen, am Samstag 16. Oktober 2021, um 20.30 Uhr.<\/span>[\/vc_message][\/vc_column][\/vc_row][vc_row][vc_column][vc_column_text]<\/p>\n<h1 style=\"text-align: center;\">PRESS <span style=\"color: #ff0000;\">NEWS 2019<\/span><\/h1>\n<p>[\/vc_column_text][vc_message message_box_style=&#8220;solid&#8220; style=&#8220;square&#8220; message_box_color=&#8220;black&#8220; icon_type=&#8220;pixelicons&#8220; icon_pixelicons=&#8220;vc_pixel_icon vc_pixel_icon-tick&#8220; css=&#8220;.vc_custom_1764464191618{background-color: #000000 !important;}&#8220;]<\/p>\n<h2><span style=\"color: #ff0000;\">Stuttgarter Zeitung | M\u00e4rz 2019<\/span><\/h2>\n<p><b><a href=\"https:\/\/veranstaltungen.stuttgarter-zeitung.de\/event\/detail.php?event=Highway-To-Help-3.0_2019-03-30\">RRYFF &#8211; Highway to Help 3.0\u00a0 | 4Peh in Esslingen<\/a><br \/>\n<\/b><\/p>\n<h3><a href=\"https:\/\/www.rryff.de\/wp-rryff-https\/wp-content\/uploads\/2019\/03\/stuttgarter-zeitung_veranstaltungstipp-4peh-highway2help30_2019-03-30-1.png\"><img loading=\"lazy\" decoding=\"async\" class=\"wp-image-2387 alignleft\" src=\"https:\/\/www.rryff.de\/wp-rryff-https\/wp-content\/uploads\/2019\/03\/stuttgarter-zeitung_veranstaltungstipp-4peh-highway2help30_2019-03-30-1-300x295.png\" alt=\"\" width=\"187\" height=\"184\" srcset=\"https:\/\/www.rryff.de\/wp-rryff-https\/wp-content\/uploads\/2019\/03\/stuttgarter-zeitung_veranstaltungstipp-4peh-highway2help30_2019-03-30-1-300x295.png 300w, https:\/\/www.rryff.de\/wp-rryff-https\/wp-content\/uploads\/2019\/03\/stuttgarter-zeitung_veranstaltungstipp-4peh-highway2help30_2019-03-30-1.png 447w\" sizes=\"auto, (max-width: 187px) 100vw, 187px\" \/><\/a><span style=\"color: #ff0000;\">Benefizkonzert &#8222;Highway to Help 3.0&#8220;<br \/>\nRockbands &#8218;RRYFF&#8216; &amp; &#8218;2nd Crash&#8216; | Sa 30. M\u00e4rz 2019 | 4Peh (Esslingen)<\/span><\/h3>\n<h3><span style=\"color: #999999;\">Veranstaltungstipp<\/span><\/h3>\n<p><span style=\"text-align: left; color: #999999; text-transform: none; text-indent: 0px; letter-spacing: normal; font-family: Georgia,'Times New Roman','Bitstream Charter',Times,serif; font-size: 16px; font-style: normal; font-variant: normal; font-weight: 400; text-decoration: none; word-spacing: 0px; display: inline !important; white-space: normal; cursor: text; orphans: 2; float: none; -webkit-text-stroke-width: 0px; background-color: transparent;\">Benefizkonzert zu Gunsten des Klinikums Esslingen mit den Bands RRYFF und 2nd Crash,<\/span>[\/vc_message][\/vc_column][\/vc_row][vc_row][vc_column][vc_message message_box_style=&#8220;solid&#8220; style=&#8220;square&#8220; message_box_color=&#8220;black&#8220; icon_type=&#8220;pixelicons&#8220; icon_pixelicons=&#8220;vc_pixel_icon vc_pixel_icon-tick&#8220; css=&#8220;.vc_custom_1764464084290{background-color: #000000 !important;}&#8220;]<\/p>\n<h2><span style=\"color: #ff0000;\">Fr\u00e4nkische Nacht | 04. Januar 2019<\/span><\/h2>\n<p><b><a href=\"https:\/\/www.fn-magazin.de\/magazin\/veranstaltungstipps\/rryff-hardrock-blues-am-12-januar-im-live-club\/\">RRYFF &#8211; Hardrock &amp; Blues\u00a0 | Live-Club in Bamberg<\/a><br \/>\n<\/b><\/p>\n<h3><a href=\"https:\/\/www.rryff.de\/wp-rryff-https\/wp-content\/uploads\/2018\/12\/fraenkische-nacht_veranstaltungskalender_2019-02-11-08_06_49-1.png\"><img loading=\"lazy\" decoding=\"async\" class=\"details-image alignleft\" draggable=\"false\" src=\"https:\/\/www.rryff.de\/wp-rryff-https\/wp-content\/uploads\/2018\/12\/fraenkische-nacht_veranstaltungskalender_2019-02-11-08_06_49-1.png\" alt=\"\" width=\"147\" height=\"205\" \/><\/a><span style=\"color: #ff0000;\">RRYFF &#8211; Hardrock &amp; Blues | 12. Januar im Live-Club<\/span><\/h3>\n<h3><span style=\"color: #999999;\">Veranstaltungstipp<\/span><\/h3>\n<p><span style=\"text-align: left; color: #999999; text-transform: none; text-indent: 0px; letter-spacing: normal; font-family: Georgia,'Times New Roman','Bitstream Charter',Times,serif; font-size: 16px; font-style: normal; font-variant: normal; font-weight: 400; text-decoration: none; word-spacing: 0px; display: inline !important; white-space: normal; cursor: text; orphans: 2; float: none; -webkit-text-stroke-width: 0px; background-color: transparent;\">RRYFF wurde 2012 in Stuttgart gegr\u00fcndet und spielt seither authentischen Hardrock mit Blues-Einfl\u00fcssen. Viel Rhythmus, rockiger Gesang und coole Gitarren-Licks und -Riffs werden dabei geboten. Die Band bezeichnet sich selbst als moderne Rock-n-Roll-Band. Der Eintritt ist frei &#8211; es-<\/span>[\/vc_message]                <div class=\"noo-line\">\n                    <i class=\"go-to-top fa fa-angle-up\"><\/i>\n                <\/div>\n            [vc_column_text]<\/p>\n<h1 style=\"text-align: center;\">PRESS <span style=\"color: #ff0000;\">NEWS 2017<\/span><\/h1>\n<p>[\/vc_column_text][\/vc_column][\/vc_row][vc_row][vc_column][vc_message message_box_style=&#8220;solid&#8220; style=&#8220;square&#8220; message_box_color=&#8220;black&#8220; icon_type=&#8220;pixelicons&#8220; icon_pixelicons=&#8220;vc_pixel_icon vc_pixel_icon-tick&#8220; css=&#8220;.vc_custom_1659872717374{background-color: #000000 !important;}&#8220;]<\/p>\n<h2><span style=\"color: #ff0000;\">Esslinger Zeitung | 19. M\u00e4rz 2017<\/span><\/h2>\n<p><a href=\"http:\/\/www.esslinger-zeitung.de\/region\/esslingen_artikel,-rocken-fuer-das-vier-peh-_arid,2112323.html\" target=\"_blank\" rel=\"noopener noreferrer\"><b>RRYFF &#8211; &#8218;Vier Peh Bene Fizz&#8216; |&#8217;Soli-Festival&#8216; zum Erhalt Kulturstandort &#8218;Vier Peh&#8216; |<br \/>\nRRYFF mit 5 Bands im KOMMA Esslingen&#8216; | Esslinger Zeitung<\/b><\/a><\/p>\n<h3><a href=\"https:\/\/www.rryff.de\/pics\/presse\/presse_benefiz2017_4peh_big.jpg\" data-title=\"RRYFF - 'Vier Peh Bene Fizz' |'Soli-Festival' zum Erhalt Kulturstandort 'Vier Peh' | &lt;br&gt; RRYFF mit 5 Bands im KOMMA Esslingen' | Esslinger Zeitung\" data-lightbox=\"Band\"><img loading=\"lazy\" decoding=\"async\" class=\"alignleft\" src=\"https:\/\/www.rryff.de\/pics\/presse\/small\/presse_benefiz2017_4peh_small.jpg\" width=\"147\" height=\"262\" \/><\/a><strong><span style=\"color: #ff0000;\">Rocken f\u00fcr das Vier Peh | Benefizkonzert<\/span><\/strong><\/h3>\n<h3><span style=\"color: #999999;\">Sechs Bands heizen dem Publikum bei einem Benefizkonzert ein<\/span><\/h3>\n<p><span style=\"text-align: left; color: #999999; text-transform: none; text-indent: 0px; letter-spacing: normal; font-family: Georgia,'Times New Roman','Bitstream Charter',Times,serif; font-size: 16px; font-style: normal; font-variant: normal; font-weight: 400; text-decoration: none; word-spacing: 0px; display: inline !important; white-space: normal; cursor: text; orphans: 2; float: none; -webkit-text-stroke-width: 0px; background-color: transparent;\">RRYFF begeistert die Hardrock Fans mit eigenen Songs im &#8218;KOMMA&#8216; in Esslingen <a href=\"http:\/\/www.esslinger-zeitung.de\/region\/esslingen_artikel,-rocken-fuer-das-vier-peh-_arid,2112323.html\" target=\"_blank\" rel=\"noopener noreferrer\"><strong><em>more \u2026<\/em><\/strong><\/a><\/span>[\/vc_message]                <div class=\"noo-line\">\n                    <i class=\"go-to-top fa fa-angle-up\"><\/i>\n                <\/div>\n            [\/vc_column][\/vc_row][vc_row][vc_column][vc_column_text]<\/p>\n<h1 style=\"text-align: center;\">PRESS <span style=\"color: #ff0000;\">NEWS 2016<\/span><\/h1>\n<p>[\/vc_column_text][vc_message message_box_style=&#8220;solid&#8220; style=&#8220;square&#8220; message_box_color=&#8220;black&#8220; icon_type=&#8220;pixelicons&#8220; icon_pixelicons=&#8220;vc_pixel_icon vc_pixel_icon-tick&#8220; css=&#8220;.vc_custom_1537531278604{background-color: #000000 !important;}&#8220;]<\/p>\n<h2><span style=\"color: #ff0000;\">Esslinger Zeitung | 08. April 2016<\/span><\/h2>\n<p style=\"text-align: left;\"><a title=\"RRYFF - Benefiz-Rock'2016 | RRYFF mit 2 Bands im 'VierPeh' Esslingen | Website-Veranstaltungen\" href=\"http:\/\/www.esslinger-zeitung.de\/veranstaltungstipps_artikel,-drei-bands-spielen-fuer-die-kinderklinik-_arid,2037078.html\"><b>RRYFF &#8211; Benefiz-Rock&#8217;2016: RRYFF @ VierPeh Esslingen | Esslinger Zeitung<\/b><\/a><\/p>\n<h3><span style=\"color: #999999;\"><a href=\"https:\/\/www.rryff.de\/pics\/presse\/05_rryff_esslinger-zeitung_big.jpg\" data-title=\"RRYFF - Drei Bands spielen f\u00fcr die Kinderklinik Esslingen\" data-lightbox=\"Band\"><img decoding=\"async\" class=\"alignleft\" src=\"https:\/\/www.rryff.de\/pics\/presse\/small\/esslinger-zeitung_rryff_small.jpg\" \/><\/a><strong><span style=\"color: #ff0000;\">Benefiz-Rock f\u00fcr die Kinderklinik Esslingen<\/span><\/strong><\/span><\/h3>\n<h3><span style=\"color: #999999;\">Drei Bands motivieren Publikum zu phantastischen Spenden f\u00fcr Guten Zweck!<\/span><\/h3>\n<p><span style=\"text-align: left; color: #999999; text-transform: none; text-indent: 0px; letter-spacing: normal; font-family: Georgia,'Times New Roman','Bitstream Charter',Times,serif; font-size: 16px; font-style: normal; font-variant: normal; font-weight: 400; text-decoration: none; word-spacing: 0px; display: inline !important; white-space: normal; cursor: text; orphans: 2; float: none; -webkit-text-stroke-width: 0px; background-color: transparent;\">RRYFF initiiert das Benefizrock-Konzert`2016\u00a0 zur Spendenaktion f\u00fcr die Kinderklinik in Esslingen!<br \/>\n<\/span><span style=\"text-align: left; color: #999999; text-transform: none; text-indent: 0px; letter-spacing: normal; font-family: Georgia,'Times New Roman','Bitstream Charter',Times,serif; font-size: 16px; font-style: normal; font-variant: normal; font-weight: 400; text-decoration: none; word-spacing: 0px; display: inline !important; white-space: normal; cursor: text; orphans: 2; float: none; -webkit-text-stroke-width: 0px; background-color: transparent;\">Zusammen mit &#8218;GraceFire&#8216; und &#8218;Jane\u00b4s Aquarium&#8216; wird die Buhne im VierPeh in Esslingen gerockt &#8211; das Publikum ist mitgerissen und spendet p<\/span><span style=\"text-align: left; color: #999999; text-transform: none; text-indent: 0px; letter-spacing: normal; font-family: Georgia,'Times New Roman','Bitstream Charter',Times,serif; font-size: 16px; font-style: normal; font-variant: normal; font-weight: 400; text-decoration: none; word-spacing: 0px; display: inline !important; white-space: normal; cursor: text; orphans: 2; float: none; -webkit-text-stroke-width: 0px; background-color: transparent;\">hantastisch!\u00a0 Die unglaubliche Spendensumme, aus Publikums-Spenden und Band-Gagen, wird offiziell der Leitung der Kinderklinik Esslingen von RRYFF, als Initiator des Benefizrock-Konzerts, \u00fcberreicht <a href=\"https:\/\/www.esslinger-zeitung.de\/veranstaltungstipps_artikel,-drei-bands-spielen-fuer-die-kinderklinik-_arid,2037078.html\" target=\"_blank\" rel=\"noopener noreferrer\"><strong><em>more \u2026<\/em><\/strong><\/a><\/span>[\/vc_message]                <div class=\"noo-line\">\n                    <i class=\"go-to-top fa fa-angle-up\"><\/i>\n                <\/div>\n            [\/vc_column][\/vc_row][vc_row][vc_column][vc_column_text]<\/p>\n<h1 style=\"text-align: center;\">PRESS <span style=\"color: #ff0000;\">NEWS 2015<\/span><\/h1>\n<p>[\/vc_column_text][vc_message message_box_style=&#8220;solid&#8220; style=&#8220;square&#8220; message_box_color=&#8220;black&#8220; icon_type=&#8220;pixelicons&#8220; icon_pixelicons=&#8220;vc_pixel_icon vc_pixel_icon-tick&#8220; css=&#8220;.vc_custom_1764464328851{background-color: #000000 !important;}&#8220;]<\/p>\n<h2><span style=\"color: #ff0000;\">S\u00fcdwest Presse Online | 21. Februar 2015<\/span><\/h2>\n<p><a title=\"RRYFF - Newcomer rocken Bietigheim | S\u00fcdwest Presse Online\" href=\"http:\/\/www.swp.de\/bietigheim\/lokales\/bietigheim_bissingen\/Newcomer-rocken-Bietigheim;art1188806,3065115\" target=\"_blank\" rel=\"noopener noreferrer\"><b>RRYFF &#8211; Newcomer rocken Bietigheim | S\u00fcdwest Presse Online<\/b><\/a><\/p>\n<h3><a href=\"https:\/\/www.rryff.de\/pics\/presse\/01.jpg\" data-title=\"RRYFF - Bietigheimer Zeitung 2015 | Newcomer Rocken Bietigheim\" data-lightbox=\"Band\"><img decoding=\"async\" class=\"alignleft\" src=\"https:\/\/www.rryff.de\/pics\/presse\/small\/01.jpg\" \/><\/a><strong><span style=\"color: #ff0000;\">Die Hardrockband &#8218;RRYFF&#8216; ver\u00f6ffentlicht am 28. Februar 2015 ihr EP Album &#8218;COCAINE&#8216; im &#8218;Riff&#8216; in Bietigheim<\/span><\/strong><\/h3>\n<h3><span style=\"color: #999999;\">RRYFF im Interview<\/span><\/h3>\n<p><span style=\"color: #999999;\"><span style=\"text-align: left; text-transform: none; text-indent: 0px; letter-spacing: normal; font-family: Georgia,'Times New Roman','Bitstream Charter',Times,serif; font-size: 16px; font-style: normal; font-variant: normal; font-weight: 400; text-decoration: none; word-spacing: 0px; display: inline !important; white-space: normal; cursor: text; orphans: 2; float: none; -webkit-text-stroke-width: 0px; background-color: transparent;\">Ein Bericht \u00fcber Erfolgsgeheimnis und Pl\u00e4ne der Band RRYF.<\/span><\/span>[\/vc_message]                <div class=\"noo-line\">\n                    <i class=\"go-to-top fa fa-angle-up\"><\/i>\n                <\/div>\n            [\/vc_column][\/vc_row][vc_row][vc_column][\/vc_column][\/vc_row]<\/p>\n","protected":false},"excerpt":{"rendered":"<p>[vc_row][vc_column][vc_column_text] PRESS NEWS 2021 [\/vc_column_text][vc_message message_box_style=&#8220;solid&#8220; style=&#8220;square&#8220; message_box_color=&#8220;black&#8220; icon_type=&#8220;pixelicons&#8220; icon_pixelicons=&#8220;vc_pixel_icon vc_pixel_icon-tick&#8220; css=&#8220;.vc_custom_1764464042435{background-color: #000000 !important;}&#8220;] N\u00fcrtinger Zeitung | Oktober 2021 RRYFF &#8211; Hardrock\u00a0 | Kuckucksei in N\u00fcrtingen Hardrock von RRYFF im Club | Sa 16. Oktober 2021 | Kuckucksei (N\u00fcrtingen) Veranstaltungstipp RRYFF holt das Konzert nach im Club Kuckucksei in N\u00fcrtingen, am Samstag 16. Oktober 2021, um 20.30 Uhr.[\/vc_message][\/vc_column][\/vc_row][vc_row][vc_column][vc_column_text] PRESS NEWS<\/p>\n","protected":false},"author":1,"featured_media":0,"parent":0,"menu_order":0,"comment_status":"closed","ping_status":"closed","template":"","meta":{"_monsterinsights_skip_tracking":false,"_monsterinsights_sitenote_active":false,"_monsterinsights_sitenote_note":"","_monsterinsights_sitenote_category":0,"footnotes":""},"class_list":["post-1575","page","type-page","status-publish","hentry","no-featured"],"aioseo_notices":[],"_links":{"self":[{"href":"https:\/\/www.rryff.de\/wp-rryff-https\/wp-json\/wp\/v2\/pages\/1575","targetHints":{"allow":["GET"]}}],"collection":[{"href":"https:\/\/www.rryff.de\/wp-rryff-https\/wp-json\/wp\/v2\/pages"}],"about":[{"href":"https:\/\/www.rryff.de\/wp-rryff-https\/wp-json\/wp\/v2\/types\/page"}],"author":[{"embeddable":true,"href":"https:\/\/www.rryff.de\/wp-rryff-https\/wp-json\/wp\/v2\/users\/1"}],"replies":[{"embeddable":true,"href":"https:\/\/www.rryff.de\/wp-rryff-https\/wp-json\/wp\/v2\/comments?post=1575"}],"version-history":[{"count":64,"href":"https:\/\/www.rryff.de\/wp-rryff-https\/wp-json\/wp\/v2\/pages\/1575\/revisions"}],"predecessor-version":[{"id":3480,"href":"https:\/\/www.rryff.de\/wp-rryff-https\/wp-json\/wp\/v2\/pages\/1575\/revisions\/3480"}],"wp:attachment":[{"href":"https:\/\/www.rryff.de\/wp-rryff-https\/wp-json\/wp\/v2\/media?parent=1575"}],"curies":[{"name":"wp","href":"https:\/\/api.w.org\/{rel}","templated":true}]}}