{"id":2746,"date":"2020-03-03T23:55:34","date_gmt":"2020-03-03T22:55:34","guid":{"rendered":"https:\/\/www.rryff.de\/wp-rryff-https\/?page_id=2746"},"modified":"2025-02-14T10:58:58","modified_gmt":"2025-02-14T09:58:58","slug":"landingpage","status":"publish","type":"page","link":"https:\/\/www.rryff.de\/wp-rryff-https\/landingpage\/","title":{"rendered":"Landingpage"},"content":{"rendered":"<p>[vc_row][vc_column][vc_column_text]<\/p>\n<h1 style=\"text-align: center;\">RRYFF <span style=\"color: #ff0000;\">Ihre Buchung<\/span><\/h1>\n<p>[\/vc_column_text][\/vc_column][\/vc_row][vc_row][vc_column]                <div class=\"noo-line\">\n                    <i class=\"go-to-top fa fa-angle-up\"><\/i>\n                <\/div>\n            [vc_column_text]<\/p>\n<h1 style=\"text-align: center;\">RRYFF <span style=\"color: #ff0000;\">Music<\/span><\/h1>\n<h2>RRYFF wurde 2012 in Stuttgart gegr\u00fcndet<\/h2>\n<p>und steht seither f\u00fcr authentischen Hardrock, inspiriert von Blues, Bluesrock, Rock N Roll und auch modernen Einfl\u00fcssen (<strong><a href=\"https:\/\/www.rryff.de\/wp-rryff-https\/songs\">more \u2026<\/a><\/strong>)<\/p>\n<h2>Fans beschreiben die Musik der Band<\/h2>\n<p>weder als modern, noch als retro &#8211; sondern als zeitlos.<\/p>\n<h2>Schon immer<\/h2>\n<p>bezeichnete sich die Band als <a href=\"https:\/\/www.rryff.de\/wp-rryff-https\/members\/\"><strong>moderne Rock N Roll-Band<\/strong><\/a><strong>.<\/strong>[\/vc_column_text]                <div class=\"noo-line\">\n                    <i class=\"go-to-top fa fa-angle-up\"><\/i>\n                <\/div>\n            [vc_column_text]<\/p>\n<h1 style=\"text-align: center;\">RRYFF <span style=\"color: #ff0000;\">Song <a href=\"https:\/\/www.rryff.de\/wp-rryff-https\/songs\/\">Repertoire<\/a><\/span><\/h1>\n<h2>\u00dcber <span style=\"color: #ff0000;\">50 eigen-komponierte<\/span> Songs!<\/h2>\n<p>Songs die emotional mitrei\u00dfende Geschichten von unseren Erlebnissen im Spannungsfeld der heutigen Gesellschaft &#8211; modernen High-Tech-Welt und Menschlichkeit erz\u00e4hlen!<\/p>\n<h2>Umfangreiches <span style=\"color: #ff0000;\">Music Spektrum<\/span><\/h2>\n<p>von Hardrock. Rock\u00b4n Roll, Rockballaden, Blues!<\/p>\n<p>&nbsp;<\/p>\n<h2>Auf Anfrage <span style=\"color: #ff0000;\">Special Covers<\/span><\/h2>\n<p>Auf Anfrage spielen wir auch Covers![\/vc_column_text]                <div class=\"noo-line\">\n                    <i class=\"go-to-top fa fa-angle-up\"><\/i>\n                <\/div>\n            [\/vc_column][\/vc_row][vc_row][vc_column width=&#8220;1\/2&#8243;][vc_column_text]<\/p>\n<h1 style=\"text-align: center;\">RRYFF <span style=\"color: #ff0000;\">Aktuelle Songs<\/span><\/h1>\n<p><b>Rock&#8217;n Roll Party <\/b><br \/>\n<b>Czech Kiss<\/b><br \/>\n<b>Cocaine<\/b><br \/>\n<b>Crying Angels<\/b><br \/>\n<b>Shout it out<\/b><br \/>\n<b>Caretaker Blues<\/b><br \/>\n<b>Devil&#8217;s eye<\/b><br \/>\n<b>Rock n Roll makes You breathe<\/b><br \/>\n<b>One Shot<\/b><br \/>\n<b>Remember me<\/b><br \/>\n<b>Dance 4 me<\/b>[\/vc_column_text][vc_column_text]<b>Jungle of Life<\/b><br \/>\n<b>Still drinking Whiskey<\/b><br \/>\n<b>The way<\/b><br \/>\n<b>Cold hearted Girl<\/b><br \/>\n<b>Rock n Roll is back<\/b><br \/>\n<b>Went down to the River to pray<\/b><br \/>\n<b>Open your Heart<\/b><br \/>\n<b>Helga<\/b><br \/>\n<b>Waves<\/b><br \/>\n<b>Toxin Blues<\/b><br \/>\n<b>Shadows<br \/>\nSo easy<br \/>\n<\/b>[\/vc_column_text][\/vc_column][vc_column width=&#8220;1\/2&#8243;][vc_column_text]<\/p>\n<h1 style=\"text-align: center;\">RRYFF <span style=\"color: #ff0000;\">Ever Greens<\/span><\/h1>\n<p><b>Run or be shot<\/b><br \/>\n<b>Gin and Guitar<\/b><br \/>\n<b>Waitin&#8216;<\/b><br \/>\n<b>Burn it down<\/b><br \/>\n<b>Southern dreams<\/b><br \/>\n<b>Born in hell<\/b>[\/vc_column_text][vc_column_text]<b>I ain&#8217;t kiss You honey (no money)<\/b><br \/>\n<b>Shake your hip<\/b><br \/>\n<b>Charles Bronson<\/b><br \/>\n<b>American Dream<\/b><br \/>\n<b>Take me down<\/b><br \/>\n<b>Two whores in my bed Blues<\/b><br \/>\n<b>Strange<\/b>[\/vc_column_text][\/vc_column][\/vc_row][vc_row][vc_column]                <div class=\"noo-line\">\n                    <i class=\"go-to-top fa fa-angle-up\"><\/i>\n                <\/div>\n            [vc_column_text]<\/p>\n<h1 style=\"text-align: center;\">RRYFF <span style=\"color: #ff0000;\">Videos<\/span><\/h1>\n<p>[\/vc_column_text][vc_column_text]<\/p>\n<h3 style=\"text-align: left;\">RRYFF | &#8218;<span style=\"color: #005500;\"><span style=\"color: #ff0000;\">Sex, Drugs and Rock&#8217;n&#8217;Roll<span style=\"color: #808080;\">&#8218; | SongClip You Tube<\/span><\/span><\/span><\/h3>\n<p>[\/vc_column_text][vc_video link=&#8220;https:\/\/www.youtube.com\/watch?v=dLzZ9KOSYPc&#8220; el_width=&#8220;60&#8243; align=&#8220;center&#8220;][vc_column_text]<\/p>\n<h3 style=\"text-align: left;\">RRYFF | <span style=\"color: #005500;\"><span style=\"color: #ff0000;\">Live in Club <span style=\"color: #808080;\">| YouTube<\/span><\/span><\/span><\/h3>\n<p>[\/vc_column_text][vc_video link=&#8220;https:\/\/youtu.be\/5JV6S5UMFD4&#8243; el_width=&#8220;60&#8243; align=&#8220;center&#8220;][vc_column_text]<\/p>\n<h1 style=\"text-align: left;\">RRYFF | <a href=\"https:\/\/www.youtube.com\/channel\/UCncXepBGJuP7_fZrG2Re16A\"><span style=\"color: #ff0000;\">Videos on You Tube<\/span><\/a><\/h1>\n<p><a href=\"https:\/\/www.youtube.com\/channel\/UCncXepBGJuP7_fZrG2Re16A\"><img loading=\"lazy\" decoding=\"async\" class=\"alignnone wp-image-3087 aligncenter\" src=\"https:\/\/www.rryff.de\/wp-rryff-https\/wp-content\/uploads\/2018\/12\/youtube-official-300x155.png\" alt=\"\" width=\"684\" height=\"354\" srcset=\"https:\/\/www.rryff.de\/wp-rryff-https\/wp-content\/uploads\/2018\/12\/youtube-official-300x155.png 300w, https:\/\/www.rryff.de\/wp-rryff-https\/wp-content\/uploads\/2018\/12\/youtube-official-1024x530.png 1024w, https:\/\/www.rryff.de\/wp-rryff-https\/wp-content\/uploads\/2018\/12\/youtube-official-768x398.png 768w, https:\/\/www.rryff.de\/wp-rryff-https\/wp-content\/uploads\/2018\/12\/youtube-official-1536x795.png 1536w, https:\/\/www.rryff.de\/wp-rryff-https\/wp-content\/uploads\/2018\/12\/youtube-official.png 1622w\" sizes=\"auto, (max-width: 684px) 100vw, 684px\" \/><\/a>[\/vc_column_text]                <div class=\"noo-line\">\n                    <i class=\"go-to-top fa fa-angle-up\"><\/i>\n                <\/div>\n            [vc_column_text]<\/p>\n<h1 style=\"text-align: center;\">RRYFF <span style=\"color: #ff0000;\">References<\/span><\/h1>\n<h2><\/h2>\n<h2><span style=\"color: #ff0000;\">Marktplatzfest in Ludwigsburg 2019<\/span><\/h2>\n<h3>Online-Voting f\u00fcr RRYFF zum Marktplatzfest`2019 in Ludwigsburg<\/h3>\n<p>Hi Leute!<br \/>\n<strong>Tolle Neuigkeiten:<\/strong> Wir sind <strong>aktuell beim Online Voting<\/strong> f\u00fcr den Auftritt beim diesj\u00e4hrigen Ludwigsburger Marktplatzfest dabei!<\/p>\n<h3>RRYFF kann es Dank Eurer Stimme beim Online-Voting schaffen&#8230;<\/h3>\n<p>&nbsp;<\/p>\n<h2><span style=\"color: #ff0000;\">Drittes Benefizkonzert 2019 in Esslingen zugunsten des Klinikums Esslingen<\/span><\/h2>\n<h3>30.03.2019 | Esslingen<\/h3>\n<h3>Das dritte Konzert unter dem Motto &#8218;Highway to Help&#8216; war ein voller Erfolg!<\/h3>\n<p>Zusammen mit The 2nd Crash haben wir im Rahmen des Benefizkonzerts 1255 Euro f\u00fcr die Onkologie des Klinikums Esslingen gesammelt. Wir freuen uns sehr, dass solch ein gro\u00dfer Betrag zusammengekommen ist! Hierf\u00fcr wollen wir uns erneut bei allen Spendern herzlich bedanken! Nat\u00fcrlich auch ein gro\u00dfes Danke an alle Helfer und The 2nd Crash, die uns f\u00fcr den guten Zweck kostenlos unterst\u00fctzt haben &#8211; ohne euch w\u00e4re der Abend nicht m\u00f6glich gewesen&#8230;<\/p>\n<p>Der Betrag wird f\u00fcr einen speziellen Therapiestuhl im Rahmen von Chemotherapie-Sitzungen verwendet und soll den Patienten eine komfortablere und entspanntere Situation w\u00e4hrend des langen Sitzens erm\u00f6glichen. Am kommenden Freitag, den 26.04.2019, \u00fcbergeben wir den Spendenbetrag an das Klinikum Esslingen. Wir freuen uns schon auf ein Wiedersehen mit der Ober\u00e4rztin Dr. Anja Dietze!<\/p>\n<p>Nachdem wir den Abend er\u00f6ffneten kam bereits nach dem ersten Song eine Summe von 100 Euro zusammen. Mit ansteigender Stimmung erh\u00f6hte sich der Betrag immer mehr und wir hatten kurz vor dem Auftritt von The 2nd Crash schon um die 800 Euro gesammelt! The 2nd Crash haben den Zuschauern dann nochmal ordentlich eingeheizt, die Tanzfl\u00e4che war also gut gef\u00fcllt. Als Abschluss gab es dann noch einen kleinen gemeinsamen Jam von uns und The 2nd Crash. Wir alle hatten wie in den vergangenen Jahren gro\u00dfen Spa\u00df zusammen und freuen uns schon auf die n\u00e4chste gemeinsame Veranstaltung!<\/p>\n<p>Als Anreiz zum Spenden gab es wie schon die letzten Male tolle Preise zu gewinnen, dieses Mal u.a. ein Privatkonzert von uns, einen Gutschein f\u00fcr einen Yogakurs und Czech Kiss Alben aus unserer Special Edition. Dazu w\u00fcnschen wir den gl\u00fccklichen Gewinnern nochmals viel Spa\u00df mit dem Gewinn und bedanken uns insbesondere nochmals f\u00fcr die gro\u00dfz\u00fcgigen Spendensummen dieser Gewinner!!!<\/p>\n<p>F\u00fcr n\u00e4chstes Jahr ist bereits ein n\u00e4chstes Benefizkonzert &#8218;Highway to Help 4.0&#8216; in Planung&#8230;<\/p>\n<p>Keep on rocking!<\/p>\n<h2><\/h2>\n<h2><span style=\"color: #ff0000;\">RRYFF Album &#8218;Czech Kiss&#8216; Party in Bamberg<\/span><\/h2>\n<h3>12.Januar\u00b42019 | Live-Club Bamberg<\/h3>\n<h3>Wir gehen <strong>&#8218;On-Tour&#8216;<\/strong> mit unserem erstem <strong>Album &#8218;Czech Kiss&#8216;<\/strong>!<\/h3>\n<p>Als Erstes Tour-Event in 2019, treten wir am <b>12.01. 2019<\/b> im <strong>&#8218;Live Club&#8216; in Bamberg <\/strong>auf!<\/p>\n<p>&nbsp;<\/p>\n<h2><span style=\"color: #ff0000;\">RRYFF Album Release Party &#8211; Club Zentral in Stuttgart | 30. November 2018 |<\/span><\/h2>\n<p><strong>RRYFF feat. &#8218;PXXT&#8216; &amp; &#8218;End of Me&#8216;<\/strong><\/p>\n<p><strong>Endlich ist es soweit!<\/strong><\/p>\n<p>Wir ver\u00f6ffentlichen am <strong>30.11.2018<\/strong> im <strong>Club Zentral in Stuttgart<\/strong> unser erstes <strong>Album<\/strong> <strong>#Czechkiss<\/strong>.<\/p>\n<p>Neben <a href=\"https:\/\/www.rryff.de\/wp-rryff-https\/upcoming-events\/\" target=\"_blank\" rel=\"noopener noreferrer\">uns<\/a> treten zwei coole Bands, &#8218;<a href=\"https:\/\/www.facebook.com\/PXXTOfficial\/\" target=\"_blank\" rel=\"noopener noreferrer\">PXXT<\/a>&#8218; und &#8218;<a href=\"http:\/\/www.endofme.de\/\" target=\"_blank\" rel=\"noopener noreferrer\">End of Me<\/a>&#8218;, auf.<\/p>\n<ul>\n<li>Beginn ist 20 Uhr<\/li>\n<li>Einlass ab 19 Uhr<\/li>\n<\/ul>\n<p>&nbsp;<\/p>\n<h2><span style=\"color: #ff0000;\">Culture Festival`2017 &#8218;S\u00fcdheimer Platz&#8217;Stuttgart<\/span><\/h2>\n<h3>RRYFF als Vorband von 2ndCrash beim Open Air Konzert auf dem S\u00fcdheimer Platz in Stuttgart.<\/h3>\n<p>Wir spielten uns in die Herzen der vielen Zuschauer!<\/p>\n<blockquote><p>Wahnsinn wie ihr die B\u00fchne immer rockt!<\/p><\/blockquote>\n<p>Unsere eigen-komponierten Songs rei\u00dfen Jung und Alt von den B\u00e4nken!<\/p>\n<h2><\/h2>\n<h2><span style=\"color: #ff0000;\">Januar&#8217;2018 &#8211; Event: A Night with BooN GooN, Gracefire and RRYFF<\/span><\/h2>\n<p><strong>BooN GooN.<\/strong><br \/>\nVier Menschen mit dem Anspruch, Rockmusik nach eigenen Vorstellungen zu machen.<br \/>\nSoll hei\u00dfen:<br \/>\nDer Song muss nicht kurz, geschweige denn der Takt gerade sein. Ohne Schubladen, Tellerr\u00e4nder oder sonstigen Bullshit. Funk hat uns immer begleitet, genau wie der Blues. Dazu kommt noch unser S\u00e4nger, der gelegentlich auch ganz gerne mal rappt und genau wie die anderen drei einen gewissen Hang zum Psychedelic pflegt. Woher der kommt k\u00f6nnen wir uns zwar erkl\u00e4ren, aber euch nicht. Verzeiht.<br \/>\nF\u00fcr den r\u00e4udigen W\u00fcstensound halten wir alles so analog, f\u00fcr das gesunde Tanzbein so laut wie m\u00f6glich.<br \/>\nSo wie sich das halt geh\u00f6r<span class=\"text_exposed_show\">t.<\/span><\/p>\n<p>+<\/p>\n<p><strong>RRYFF:<\/strong><br \/>\nDie Band RRYFF spielt handmade Hard Rock mit Bluesrock Einfl\u00fcssen. Die Band selbst bezeichnet sich stets als moderne Rock n Roll Band. RRYFF sammelte in der mittlerweile 5-j\u00e4hrigen Bandgeschichte Erfahrungen mit Gigs jeder Art, so war die Band 2014 z.B. Vorband von M\u00fcnchener Freiheit. Let&#8217;s ROCK and ROLL ! <a href=\"https:\/\/l.facebook.com\/l.php?u=http%3A%2F%2Fwww.rryff.de%2F&amp;h=ATMg7pqLX3LsIh14x2gUw9F3XzmHEAN_9XQB9qz7nn1FdoKhqF99YSLlDyf2SWpzIY3lUINMiTQna8IWeZ9h0xfKRK_VrlKwQ_QjXB-jeUoz8plYVUk0ZeHr4d3ghXOtum46SDUSKxr4USwcUfXHhu_c_zP63CmGO1CB3WFv00jR-C-7K2Hkqu71\" target=\"_blank\" rel=\"nofollow noopener noreferrer\" data-lynx-mode=\"origin\">www.rryff.de<\/a><\/p>\n<p>+<\/p>\n<p><strong>Gracefire:<\/strong><br \/>\nRock\u2019n\u2019Roll wie er sein muss \u2013 rebellisch, fordernd, wild!<br \/>\nRockige Riffs paaren sich mit eing\u00e4ngigen Melodien und einer weiblichen Gesangsstimme voller Coolness: Das ist der charakteristische Sound von<br \/>\nGracefire. Die vierk\u00f6pfige Band aus der N\u00e4he von Stuttgart setzt auf eine gemischte Besetzung mit dreifacher Frauenpower und ist der lebende Beweis, dass coole Rockmusik nicht nur aus den Metropolen dieser Welt, sondern auch aus dem Schwabenland kommen kann. Das zeigt sich vor allem auch bei den Liveshows von Gracefire, denn hier gilt: Rock\u2018n\u2019Roll &amp; fun, live on stage!<\/p>\n<p>&nbsp;<\/p>\n<h2><span style=\"color: #ff0000;\">RRYFF &#8211; Newcomer rocken Bietigheim | S\u00fcdwest Presse Online<\/span><u><\/u><\/h2>\n<p>RRYFF &#8211; Newcomer rocken Bietigheim |<a href=\"http:\/\/www.swp.de\/bietigheim\/lokales\/bietigheim_bissingen\/Newcomer-rocken-Bietigheim;art1188806,3065115\"> S\u00fcdwest Presse Online<\/a><\/p>\n<p><a href=\"https:\/\/www.rryff.de\/pics\/presse\/01.jpg\" data-title=\"RRYFF - Bietigheimer Zeitung 2015 | Newcomer Rocken Bietigheim\" data-lightbox=\"Band\"><img decoding=\"async\" class=\"alignnone\" src=\"https:\/\/www.rryff.de\/pics\/presse\/small\/01.jpg\" \/><\/a><\/p>\n<p>[\/vc_column_text]                <div class=\"noo-line\">\n                    <i class=\"go-to-top fa fa-angle-up\"><\/i>\n                <\/div>\n            [\/vc_column][\/vc_row][vc_row][vc_column][vc_column_text]<\/p>\n<h1 style=\"text-align: center;\">RRYFF <span style=\"color: #ff0000;\">Tech Rider<\/span><\/h1>\n<p>&nbsp;<\/p>\n<p>Die Informationen werden gerne spezifisch angepasst an Ihre Veranstaltung im Vorfeld des Events bereitgestellt von uns![\/vc_column_text]                <div class=\"noo-line\">\n                    <i class=\"go-to-top fa fa-angle-up\"><\/i>\n                <\/div>\n            [vc_column_text]<\/p>\n<h1 style=\"text-align: center;\">RRYFF <span style=\"color: #ff0000;\">Press Kit<\/span><\/h1>\n<p>&nbsp;<\/p>\n<p>RRYFF wurde 2012 gegr\u00fcndet und steht seither f\u00fcr selbst komponierten authentischen Rock, gemischt mit Rockballaden und mit Blues- und modernen Einfl\u00fcssen. Tighter Rhythmus, rockige au\u00dfergew\u00f6hnliche Vocals und coole Gitarren Riffs- und Licks, das ist RRYFF! Live spielen wir regelm\u00e4\u00dfig auf kleinen Festivals, Stadtfesten oder in Clubs (z.B 2014 waren wir Vorband von M\u00fcnchener Freiheit).<\/p>\n<p>Homepage: www.rryff.de<\/p>\n<p>Facebook:\u00a0<a href=\"https:\/\/de-de.facebook.com\/rryffofficial\/\">https:\/\/de-de.facebook.com\/rryffofficial\/<\/a><\/p>\n<p>Youtube:\u00a0<a href=\"https:\/\/www.youtube.com\/channel\/UCncXepBGJuP7_fZrG2Re16A\">https:\/\/www.youtube.com\/channel\/UCncXepBGJuP7_fZrG2Re16A<\/a><\/p>\n<p>Direkt auf der Startseite unserer Website k\u00f6nnt ihr unser Image Video sehen, was einen kurzen Einblick gibt, welche Art von Musik wir so machen. Weitere Songs findet ihr auf Spotify.[\/vc_column_text]                <div class=\"noo-line\">\n                    <i class=\"go-to-top fa fa-angle-up\"><\/i>\n                <\/div>\n            [\/vc_column][\/vc_row][vc_row][vc_column][vc_column_text]<\/p>\n<h1 style=\"text-align: center;\"><strong>Unser <span style=\"color: #ff0000;\">Kontaktformular<\/span><\/strong><\/h1>\n<p>[\/vc_column_text][vc_btn title=&#8220;Kontaktiere uns &#8230;&#8220; style=&#8220;flat&#8220; color=&#8220;juicy-pink&#8220; align=&#8220;center&#8220; i_icon_fontawesome=&#8220;&#8220; css_animation=&#8220;zoomIn&#8220; add_icon=&#8220;true&#8220; link=&#8220;url:https%3A%2F%2Fwww.rryff.de%2Fwp-rryff-https%2Fcontact%2F|title:Contact||&#8220;]                <div class=\"noo-line\">\n                    <i class=\"go-to-top fa fa-angle-up\"><\/i>\n                <\/div>\n            [\/vc_column][\/vc_row]<\/p>\n","protected":false},"excerpt":{"rendered":"<p>[vc_row][vc_column][vc_column_text] RRYFF Ihre Buchung [\/vc_column_text][\/vc_column][\/vc_row][vc_row][vc_column][vc_column_text] RRYFF Music RRYFF wurde 2012 in Stuttgart gegr\u00fcndet und steht seither f\u00fcr authentischen Hardrock, inspiriert von Blues, Bluesrock, Rock N Roll und auch modernen Einfl\u00fcssen (more \u2026) Fans beschreiben die Musik der Band weder als modern, noch als retro &#8211; sondern als zeitlos. Schon immer bezeichnete sich die Band als moderne Rock N Roll-Band.[\/vc_column_text][vc_column_text] RRYFF<\/p>\n","protected":false},"author":1,"featured_media":0,"parent":0,"menu_order":0,"comment_status":"closed","ping_status":"closed","template":"","meta":{"_monsterinsights_skip_tracking":false,"_monsterinsights_sitenote_active":false,"_monsterinsights_sitenote_note":"","_monsterinsights_sitenote_category":0,"footnotes":""},"class_list":["post-2746","page","type-page","status-publish","hentry","no-featured"],"aioseo_notices":[],"_links":{"self":[{"href":"https:\/\/www.rryff.de\/wp-rryff-https\/wp-json\/wp\/v2\/pages\/2746","targetHints":{"allow":["GET"]}}],"collection":[{"href":"https:\/\/www.rryff.de\/wp-rryff-https\/wp-json\/wp\/v2\/pages"}],"about":[{"href":"https:\/\/www.rryff.de\/wp-rryff-https\/wp-json\/wp\/v2\/types\/page"}],"author":[{"embeddable":true,"href":"https:\/\/www.rryff.de\/wp-rryff-https\/wp-json\/wp\/v2\/users\/1"}],"replies":[{"embeddable":true,"href":"https:\/\/www.rryff.de\/wp-rryff-https\/wp-json\/wp\/v2\/comments?post=2746"}],"version-history":[{"count":51,"href":"https:\/\/www.rryff.de\/wp-rryff-https\/wp-json\/wp\/v2\/pages\/2746\/revisions"}],"predecessor-version":[{"id":4416,"href":"https:\/\/www.rryff.de\/wp-rryff-https\/wp-json\/wp\/v2\/pages\/2746\/revisions\/4416"}],"wp:attachment":[{"href":"https:\/\/www.rryff.de\/wp-rryff-https\/wp-json\/wp\/v2\/media?parent=2746"}],"curies":[{"name":"wp","href":"https:\/\/api.w.org\/{rel}","templated":true}]}}