{"id":4353,"date":"2025-01-26T01:48:41","date_gmt":"2025-01-26T00:48:41","guid":{"rendered":"https:\/\/www.rryff.de\/wp-rryff-https\/?page_id=4353"},"modified":"2025-01-26T06:33:04","modified_gmt":"2025-01-26T05:33:04","slug":"rryff-expose","status":"publish","type":"page","link":"https:\/\/www.rryff.de\/wp-rryff-https\/rryff-expose\/","title":{"rendered":"RRYFF Expos\u00e9"},"content":{"rendered":"<p>[vc_row][vc_column][vc_column_text]<\/p>\n<h1 style=\"text-align: center;\">Unser Expos\u00e9 <span style=\"color: #ff0000;\">f\u00fcr die Bewerbung f\u00fcr Eure Veranstaltungen<\/span><\/h1>\n<p>[\/vc_column_text]                <div class=\"noo-line\">\n                    <i class=\"go-to-top fas fa-angle-up\"><\/i>\n                <\/div>\n            [\/vc_column][\/vc_row][vc_row][vc_column][vc_hoverbox image=&#8220;4347&#8243; primary_title=&#8220;RRYFF Expos\u00e9&#8220; hover_title=&#8220;&#8220; hover_background_color=&#8220;white&#8220;]<\/p>\n<h2 style=\"text-align: center;\"><strong><span style=\"color: #ff0000;\">RRYFF Expos\u00e9<\/span><\/strong><\/h2>\n<h2 style=\"text-align: center;\"><span style=\"color: #000000;\">Unsere Referenzen f\u00fcr die Bewerbung f\u00fcr Eure Veranstaltungen!<\/span><\/h2>\n<h3 style=\"text-align: center;\"><span style=\"color: #000000;\">Mehr als 90 Auftrittserfolge in den Kategorien:<\/span><\/h3>\n<h4 style=\"text-align: center;\"><strong><span style=\"color: #000000;\">Open Airs<\/span><\/strong><\/h4>\n<h4 style=\"text-align: center;\"><strong><span style=\"color: #000000;\">Stadt- &amp; Kulturfeste<\/span><\/strong><\/h4>\n<h4 style=\"text-align: center;\"><strong><span style=\"color: #000000;\">Clubs &amp;\u00a0Kulturkneipen<\/span><\/strong><\/h4>\n<h4 style=\"text-align: center;\"><strong><span style=\"color: #000000;\">Firmenfeste<\/span><\/strong><\/h4>\n<h4 style=\"text-align: center;\"><strong><span style=\"color: #000000;\">Jugendh\u00e4user<\/span><\/strong><\/h4>\n<h4 style=\"text-align: center;\"><strong><span style=\"color: #000000;\">Parties<\/span><\/strong><\/h4>\n<h4 style=\"text-align: center;\"><strong><span style=\"color: #000000;\">Jubil\u00e4en &amp; Hochzeiten<\/span><\/strong><\/h4>\n<h4 style=\"text-align: center;\"><strong><span style=\"color: #000000;\">Gartenfeste &amp; Sofa-Konzerte<\/span><\/strong><\/h4>\n<p>[\/vc_hoverbox]                <div class=\"noo-line\">\n                    <i class=\"go-to-top fas fa-angle-up\"><\/i>\n                <\/div>\n            [vc_gallery type=&#8220;image_grid&#8220; images=&#8220;4365,4366,4367,4368,4369&#8243; title=&#8220;RRYFF Expos\u00e9 &#8212; Dokumentvorschau&#8220;]                <div class=\"noo-line\">\n                    <i class=\"go-to-top fas fa-angle-up\"><\/i>\n                <\/div>\n            [vc_cta h2=&#8220;RRYFF Expos\u00e9 &#8212; PDF\/Dokumentinhalt&#8220; h4=&#8220;PDF Dokument mit interaktiven Links zu unseren Referenzen&#8220; txt_align=&#8220;center&#8220; style=&#8220;flat&#8220; color=&#8220;juicy-pink&#8220; add_button=&#8220;bottom&#8220; btn_title=&#8220;RRYFF Expos\u00e9 &#8211; Dokument (PDF) Inhalt ansehen&#8220; btn_color=&#8220;blue&#8220; btn_align=&#8220;left&#8220; add_icon=&#8220;left&#8220; i_icon_fontawesome=&#8220;fas fa-download&#8220; i_size=&#8220;lg&#8220; btn_link=&#8220;url:https%3A%2F%2Frryff.de%2Fdownloads%2Frryff-expose.pdf&#8220;][\/vc_cta]                <div class=\"noo-line\">\n                    <i class=\"go-to-top fas fa-angle-up\"><\/i>\n                <\/div>\n            [\/vc_column][\/vc_row]<\/p>\n","protected":false},"excerpt":{"rendered":"<p>[vc_row][vc_column][vc_column_text] Unser Expos\u00e9 f\u00fcr die Bewerbung f\u00fcr Eure Veranstaltungen [\/vc_column_text][\/vc_column][\/vc_row][vc_row][vc_column][vc_hoverbox image=&#8220;4347&#8243; primary_title=&#8220;RRYFF Expos\u00e9&#8220; hover_title=&#8220;&#8220; hover_background_color=&#8220;white&#8220;] RRYFF Expos\u00e9 Unsere Referenzen f\u00fcr die Bewerbung f\u00fcr Eure Veranstaltungen! Mehr als 90 Auftrittserfolge in den Kategorien: Open Airs Stadt- &amp; Kulturfeste Clubs &amp;\u00a0Kulturkneipen Firmenfeste Jugendh\u00e4user Parties Jubil\u00e4en &amp; Hochzeiten Gartenfeste &amp; Sofa-Konzerte [\/vc_hoverbox][vc_gallery type=&#8220;image_grid&#8220; images=&#8220;4365,4366,4367,4368,4369&#8243; title=&#8220;RRYFF Expos\u00e9 &#8212; Dokumentvorschau&#8220;][vc_cta h2=&#8220;RRYFF Expos\u00e9 &#8212; PDF\/Dokumentinhalt&#8220; h4=&#8220;PDF<\/p>\n","protected":false},"author":1,"featured_media":0,"parent":0,"menu_order":0,"comment_status":"closed","ping_status":"closed","template":"","meta":{"_monsterinsights_skip_tracking":false,"_monsterinsights_sitenote_active":false,"_monsterinsights_sitenote_note":"","_monsterinsights_sitenote_category":0,"footnotes":""},"class_list":["post-4353","page","type-page","status-publish","hentry","no-featured"],"aioseo_notices":[],"_links":{"self":[{"href":"https:\/\/www.rryff.de\/wp-rryff-https\/wp-json\/wp\/v2\/pages\/4353","targetHints":{"allow":["GET"]}}],"collection":[{"href":"https:\/\/www.rryff.de\/wp-rryff-https\/wp-json\/wp\/v2\/pages"}],"about":[{"href":"https:\/\/www.rryff.de\/wp-rryff-https\/wp-json\/wp\/v2\/types\/page"}],"author":[{"embeddable":true,"href":"https:\/\/www.rryff.de\/wp-rryff-https\/wp-json\/wp\/v2\/users\/1"}],"replies":[{"embeddable":true,"href":"https:\/\/www.rryff.de\/wp-rryff-https\/wp-json\/wp\/v2\/comments?post=4353"}],"version-history":[{"count":36,"href":"https:\/\/www.rryff.de\/wp-rryff-https\/wp-json\/wp\/v2\/pages\/4353\/revisions"}],"predecessor-version":[{"id":4407,"href":"https:\/\/www.rryff.de\/wp-rryff-https\/wp-json\/wp\/v2\/pages\/4353\/revisions\/4407"}],"wp:attachment":[{"href":"https:\/\/www.rryff.de\/wp-rryff-https\/wp-json\/wp\/v2\/media?parent=4353"}],"curies":[{"name":"wp","href":"https:\/\/api.w.org\/{rel}","templated":true}]}}