{"id":4444,"date":"2025-06-01T16:36:22","date_gmt":"2025-06-01T14:36:22","guid":{"rendered":"https:\/\/www.rryff.de\/wp-rryff-https\/?page_id=4444"},"modified":"2025-06-01T17:08:06","modified_gmt":"2025-06-01T15:08:06","slug":"rryff-techrider","status":"publish","type":"page","link":"https:\/\/www.rryff.de\/wp-rryff-https\/rryff-techrider\/","title":{"rendered":"RRYFF TechRider"},"content":{"rendered":"<p>[vc_row][vc_column][vc_column_text]<\/p>\n<h1 style=\"text-align: center;\">Unser Tech Rider <span style=\"color: #ff0000;\">f\u00fcr die Bewerbung f\u00fcr Eure Veranstaltungen<\/span><\/h1>\n<p>[\/vc_column_text]                <div class=\"noo-line\">\n                    <i class=\"go-to-top fas fa-angle-up\"><\/i>\n                <\/div>\n            [\/vc_column][\/vc_row][vc_row][vc_column][vc_hoverbox image=&#8220;2235&#8243; primary_title=&#8220;RRYFF TechRider&#8220; hover_title=&#8220;&#8220; hover_background_color=&#8220;white&#8220;]<\/p>\n<h2 style=\"text-align: center;\"><strong><span style=\"color: #ff0000;\">RRYFF Tech Rider<\/span><\/strong><\/h2>\n<h2 style=\"text-align: center;\"><span style=\"color: #000000;\">Unsere Referenzen f\u00fcr die Technische Ausstattung f\u00fcr Eure Veranstaltungen!<\/span><\/h2>\n<h3 style=\"text-align: center;\"><span style=\"color: #000000;\">Technische Orientierung f\u00fcr unsre Auftrittserfolge in den Kategorien:<\/span><\/h3>\n<h4 style=\"text-align: center;\"><strong><span style=\"color: #000000;\">Open Airs<\/span><\/strong><\/h4>\n<h4 style=\"text-align: center;\"><strong><span style=\"color: #000000;\">Stadt- &amp; Kulturfeste<\/span><\/strong><\/h4>\n<h4 style=\"text-align: center;\"><strong><span style=\"color: #000000;\">Clubs &amp;\u00a0Kulturkneipen<\/span><\/strong><\/h4>\n<h4 style=\"text-align: center;\"><strong><span style=\"color: #000000;\">Firmenfeste<\/span><\/strong><\/h4>\n<h4 style=\"text-align: center;\"><strong><span style=\"color: #000000;\">Jugendh\u00e4user<\/span><\/strong><\/h4>\n<h4 style=\"text-align: center;\"><strong><span style=\"color: #000000;\">Parties<\/span><\/strong><\/h4>\n<h4 style=\"text-align: center;\"><strong><span style=\"color: #000000;\">Jubil\u00e4en &amp; Hochzeiten<\/span><\/strong><\/h4>\n<h4 style=\"text-align: center;\"><strong><span style=\"color: #000000;\">Gartenfeste &amp; Sofa-Konzerte<\/span><\/strong><\/h4>\n<p>[\/vc_hoverbox]                <div class=\"noo-line\">\n                    <i class=\"go-to-top fas fa-angle-up\"><\/i>\n                <\/div>\n            [vc_gallery type=&#8220;image_grid&#8220; images=&#8220;4451,4452,4453&#8243; title=&#8220;RRYFF TechRider &#8212; Dokumentvorschau&#8220;]                <div class=\"noo-line\">\n                    <i class=\"go-to-top fas fa-angle-up\"><\/i>\n                <\/div>\n            [vc_cta h2=&#8220;RRYFF TechRider &#8212; PDF\/Dokumentinhalt&#8220; h4=&#8220;PDF Dokument mit interaktiven Links zu unserem TechRider&#8220; txt_align=&#8220;center&#8220; style=&#8220;flat&#8220; color=&#8220;juicy-pink&#8220; add_button=&#8220;bottom&#8220; btn_title=&#8220;RRYFF TechRider &#8211; Dokument (PDF) Inhalt ansehen&#8220; btn_color=&#8220;blue&#8220; btn_align=&#8220;left&#8220; add_icon=&#8220;left&#8220; i_icon_fontawesome=&#8220;fas fa-download&#8220; i_size=&#8220;lg&#8220; btn_link=&#8220;url:https%3A%2F%2Fwww.rryff.de%2Fwp-rryff-https%2Fwp-content%2Fuploads%2F2018%2F12%2FTech-Rider-RRYFF-25Mai2025.pdf|title:RRYFF%20TechRider&#8220;][\/vc_cta]                <div class=\"noo-line\">\n                    <i class=\"go-to-top fas fa-angle-up\"><\/i>\n                <\/div>\n            [\/vc_column][\/vc_row]<\/p>\n","protected":false},"excerpt":{"rendered":"<p>[vc_row][vc_column][vc_column_text] Unser Tech Rider f\u00fcr die Bewerbung f\u00fcr Eure Veranstaltungen [\/vc_column_text][\/vc_column][\/vc_row][vc_row][vc_column][vc_hoverbox image=&#8220;2235&#8243; primary_title=&#8220;RRYFF TechRider&#8220; hover_title=&#8220;&#8220; hover_background_color=&#8220;white&#8220;] RRYFF Tech Rider Unsere Referenzen f\u00fcr die Technische Ausstattung f\u00fcr Eure Veranstaltungen! Technische Orientierung f\u00fcr unsre Auftrittserfolge in den Kategorien: Open Airs Stadt- &amp; Kulturfeste Clubs &amp;\u00a0Kulturkneipen Firmenfeste Jugendh\u00e4user Parties Jubil\u00e4en &amp; Hochzeiten Gartenfeste &amp; Sofa-Konzerte [\/vc_hoverbox][vc_gallery type=&#8220;image_grid&#8220; images=&#8220;4451,4452,4453&#8243; title=&#8220;RRYFF TechRider &#8212; Dokumentvorschau&#8220;][vc_cta h2=&#8220;RRYFF<\/p>\n","protected":false},"author":1,"featured_media":0,"parent":0,"menu_order":0,"comment_status":"closed","ping_status":"closed","template":"","meta":{"_monsterinsights_skip_tracking":false,"_monsterinsights_sitenote_active":false,"_monsterinsights_sitenote_note":"","_monsterinsights_sitenote_category":0,"footnotes":""},"class_list":["post-4444","page","type-page","status-publish","hentry","no-featured"],"aioseo_notices":[],"_links":{"self":[{"href":"https:\/\/www.rryff.de\/wp-rryff-https\/wp-json\/wp\/v2\/pages\/4444","targetHints":{"allow":["GET"]}}],"collection":[{"href":"https:\/\/www.rryff.de\/wp-rryff-https\/wp-json\/wp\/v2\/pages"}],"about":[{"href":"https:\/\/www.rryff.de\/wp-rryff-https\/wp-json\/wp\/v2\/types\/page"}],"author":[{"embeddable":true,"href":"https:\/\/www.rryff.de\/wp-rryff-https\/wp-json\/wp\/v2\/users\/1"}],"replies":[{"embeddable":true,"href":"https:\/\/www.rryff.de\/wp-rryff-https\/wp-json\/wp\/v2\/comments?post=4444"}],"version-history":[{"count":6,"href":"https:\/\/www.rryff.de\/wp-rryff-https\/wp-json\/wp\/v2\/pages\/4444\/revisions"}],"predecessor-version":[{"id":4456,"href":"https:\/\/www.rryff.de\/wp-rryff-https\/wp-json\/wp\/v2\/pages\/4444\/revisions\/4456"}],"wp:attachment":[{"href":"https:\/\/www.rryff.de\/wp-rryff-https\/wp-json\/wp\/v2\/media?parent=4444"}],"curies":[{"name":"wp","href":"https:\/\/api.w.org\/{rel}","templated":true}]}}